{"id":3,"date":"2024-11-14T08:37:24","date_gmt":"2024-11-14T08:37:24","guid":{"rendered":"https:\/\/theil.bw-media.saarland\/?page_id=3"},"modified":"2025-01-23T10:50:36","modified_gmt":"2025-01-23T10:50:36","slug":"privacy-policy","status":"publish","type":"page","link":"https:\/\/theil.bw-media.saarland\/?page_id=3","title":{"rendered":"Impressum"},"content":{"rendered":"<div class=\"\" style=\"\" >\n    \n    <section class=\"u-clearfix u-section-2\" id=\"sec-12a0\">\n      <div class=\"u-clearfix u-sheet u-valign-middle u-sheet-1\">\n        <div class=\"u-container-style u-custom-color-3 u-expanded-width u-group u-radius u-group-1\" data-animation-name=\"customAnimationIn\" data-animation-duration=\"1000\" data-animation-delay=\"0\">\n          <div class=\"u-container-layout u-container-layout-1\">\n            <h2 class=\"u-text u-text-default u-text-1\">Impressum<\/h2>\n          <\/div>\n        <\/div>\n      <\/div>\n    <\/section>\n    <section class=\"u-clearfix u-section-3\" id=\"sec-9b02\">\n      <div class=\"u-clearfix u-sheet u-valign-middle u-sheet-1\">\n        <p class=\"u-text u-text-1\">\n          <span style=\"font-size: 1.5rem; font-weight: 700;\">Angaben gem\u00e4\u00df \u00a7 5 TMG<\/span>\n          <br>\n          <span style=\"font-size: 1rem;\">Armin Neu<br>Grundst\u00fcckspflege Theil<br>Hohlstrasse 33<br>66538 Neunkirchen\n          <\/span>\n          <br>\n          <br>\n          <span style=\"font-weight: 700; font-size: 1.5rem;\">Kontakt<\/span>\n        <\/p>\n        <p class=\"u-text u-text-2\">\n          <a class=\"u-btn u-button-link u-button-style u-text-palette-1-base u-btn-1\" href=\"tel:068949661300\"> Telefon: 06894 9661300<\/a>\n        <\/p>\n        <p class=\"u-text u-text-3\">\n          <a class=\"u-btn u-button-link u-button-style u-text-palette-1-base u-btn-2\" href=\"mailto:info@grundstueckspflege-theil.de\"> E-Mail: info@grundstueckspflege-theil.de<\/a>\n        <\/p>\n      <\/div>\n    <\/section>\n    <section class=\"u-clearfix u-section-4\" id=\"sec-8b44\">\n      <div class=\"u-clearfix u-sheet u-sheet-1\">\n        <p class=\"u-text u-text-default u-text-1\">\n          <br>\n          <span style=\"font-size: 1.5rem; font-weight: 700;\">EU-Streitschlichtung<\/span>\n          <br>Die Europ\u00e4ische Kommission stellt eine Plattform zur Online-Streitbeilegung (OS) bereit:&nbsp;<a href=\"https:\/\/ec.europa.eu\/consumers\/odr\" target=\"_blank\" rel=\"noopener noreferrer nofollow\" class=\"u-btn u-button-style u-text-palette-1-base u-btn-1\">https:\/\/ec.europa.eu\/consumers\/odr<\/a>.<br>Unsere E-Mail-Adresse finden Sie oben im Impressum.<br>\n          <br>\n          <span style=\"font-size: 1.5rem; font-weight: 700;\">Verbraucher\u00adstreit\u00adbeilegung\/Universal\u00adschlichtungs\u00adstelle<\/span>\n          <br>Wir sind nicht bereit oder verpflichtet, an Streitbeilegungsverfahren vor einer Verbraucherschlichtungsstelle teilzunehmen.<br>\n          <span style=\"font-size: 1.5rem; font-weight: 700;\">\n            <br>Haftung f\u00fcr Inhalte\n          <\/span>\n          <br>Als Diensteanbieter sind wir gem\u00e4\u00df \u00a7 7 Abs.1 TMG f\u00fcr eigene Inhalte auf diesen Seiten nach den allgemeinen Gesetzen verantwortlich. Nach \u00a7\u00a7 8 bis 10 TMG sind wir als Diensteanbieter jedoch nicht verpflichtet, \u00fcbermittelte oder gespeicherte fremde Informationen zu \u00fcberwachen oder nach Umst\u00e4nden zu forschen, die auf eine rechtswidrige T\u00e4tigkeit hinweisen.<br>\n          <br>Verpflichtungen zur Entfernung oder Sperrung der Nutzung von Informationen nach den allgemeinen Gesetzen bleiben hiervon unber\u00fchrt. Eine diesbez\u00fcgliche Haftung ist jedoch erst ab dem Zeitpunkt der Kenntnis einer konkreten Rechtsverletzung m\u00f6glich. Bei Bekanntwerden von entsprechenden Rechtsverletzungen werden wir diese Inhalte umgehend entfernen.<br>\n          <br>\n          <span style=\"font-size: 1.5rem; font-weight: 700;\">Haftung f\u00fcr Links<\/span>\n          <br>Unser Angebot enth\u00e4lt Links zu externen Websites Dritter, auf deren Inhalte wir keinen Einfluss haben. Deshalb k\u00f6nnen wir f\u00fcr diese fremden Inhalte auch keine Gew\u00e4hr \u00fcbernehmen. F\u00fcr die Inhalte der verlinkten Seiten ist stets der jeweilige Anbieter oder Betreiber der Seiten verantwortlich. Die verlinkten Seiten wurden zum Zeitpunkt der Verlinkung auf m\u00f6gliche Rechtsverst\u00f6\u00dfe \u00fcberpr\u00fcft. Rechtswidrige Inhalte waren zum Zeitpunkt der Verlinkung nicht erkennbar.<br>\n          <br>Eine permanente inhaltliche Kontrolle der verlinkten Seiten ist jedoch ohne konkrete Anhaltspunkte einer Rechtsverletzung nicht zumutbar. Bei Bekanntwerden von Rechtsverletzungen werden wir derartige Links umgehend entfernen.<br>\n          <span style=\"font-weight: 700; font-size: 1.5rem;\">\n            <br>Urheberrecht\n          <\/span>\n          <br>Die durch die Seitenbetreiber erstellten Inhalte und Werke auf diesen Seiten unterliegen dem deutschen Urheberrecht. Die Vervielf\u00e4ltigung, Bearbeitung, Verbreitung und jede Art der Verwertung au\u00dferhalb der Grenzen des Urheberrechtes bed\u00fcrfen der schriftlichen Zustimmung des jeweiligen Autors bzw. Erstellers. Downloads und Kopien dieser Seite sind nur f\u00fcr den privaten, nicht kommerziellen Gebrauch gestattet.<br>\n          <br>Soweit die Inhalte auf dieser Seite nicht vom Betreiber erstellt wurden, werden die Urheberrechte Dritter beachtet. Insbesondere werden Inhalte Dritter als solche gekennzeichnet. Sollten Sie trotzdem auf eine Urheberrechtsverletzung aufmerksam werden, bitten wir um einen entsprechenden Hinweis. Bei Bekanntwerden von Rechtsverletzungen werden wir derartige Inhalte umgehend entfernen.\n        <\/p>\n      <\/div>\n    <\/section>\n    <section class=\"u-align-center u-clearfix u-container-align-center u-grey-5 u-section-5\" id=\"sec-e158\">\n      <div class=\"u-clearfix u-sheet u-sheet-1\">\n        <h2 class=\"u-text u-text-1\">kontakt<\/h2>\n        <div class=\"data-layout-selected u-clearfix u-expanded-width u-layout-wrap u-layout-wrap-1\">\n          <div class=\"u-layout\" style=\"\">\n            <div class=\"u-layout-col\" style=\"\">\n              <div class=\"u-size-30\">\n                <div class=\"u-layout-row\">\n                  <div class=\"u-align-center u-container-align-center u-container-style u-layout-cell u-left-cell u-size-20 u-layout-cell-1\">\n                    <div class=\"u-container-layout u-valign-top u-container-layout-1\"><span class=\"u-icon u-icon-circle u-text-custom-color-4 u-icon-1\"><svg class=\"u-svg-link\" preserveAspectRatio=\"xMidYMin slice\" viewBox=\"0 0 512 512\" style=\"\"><use xlink:href=\"#svg-5c63\"><\/use><\/svg><svg class=\"u-svg-content\" viewBox=\"0 0 512 512\" x=\"0px\" y=\"0px\" id=\"svg-5c63\" style=\"enable-background:new 0 0 512 512;\"><g><g><path d=\"M256,0C153.755,0,70.573,83.182,70.573,185.426c0,126.888,165.939,313.167,173.004,321.035    c6.636,7.391,18.222,7.378,24.846,0c7.065-7.868,173.004-194.147,173.004-321.035C441.425,83.182,358.244,0,256,0z M256,278.719    c-51.442,0-93.292-41.851-93.292-93.293S204.559,92.134,256,92.134s93.291,41.851,93.291,93.293S307.441,278.719,256,278.719z\"><\/path>\n<\/g>\n<\/g><\/svg><\/span>\n                      <h6 class=\"u-text u-text-2\">Adresse<\/h6>\n                      <p class=\"u-text u-text-3\">\n                        <a class=\"u-btn u-button-link u-button-style u-text-hover-custom-color-3 u-text-palette-1-base u-btn-1\" href=\"https:\/\/www.google.com\/maps\/place\/Grundst%C3%BCckspflege+Theil\/@49.3384292,7.1806032,714m\/data=!3m2!1e3!4b1!4m6!3m5!1s0x4795c7c8c4d6f5a3:0x549a4bc231c82f99!8m2!3d49.3384257!4d7.1831781!16s%2Fg%2F11p3lthx1f?entry=ttu&amp;g_ep=EgoyMDI1MDExNS4wIKXMDSoASAFQAw%3D%3D\" target=\"_blank\">Hohlstra\u00dfe 33<br>66538 Neunkirchen\n                        <\/a>\n                      <\/p>\n                    <\/div>\n                  <\/div>\n                  <div class=\"u-align-center u-container-align-center u-container-style u-layout-cell u-size-20 u-layout-cell-2\">\n                    <div class=\"u-container-layout u-valign-top u-container-layout-2\"><span class=\"u-icon u-icon-circle u-text-custom-color-4 u-icon-2\"><svg class=\"u-svg-link\" preserveAspectRatio=\"xMidYMin slice\" viewBox=\"0 0 384 384\" style=\"\"><use xlink:href=\"#svg-1ecd\"><\/use><\/svg><svg class=\"u-svg-content\" viewBox=\"0 0 384 384\" x=\"0px\" y=\"0px\" id=\"svg-1ecd\" style=\"enable-background:new 0 0 384 384;\"><g><g><path d=\"M353.188,252.052c-23.51,0-46.594-3.677-68.469-10.906c-10.719-3.656-23.896-0.302-30.438,6.417l-43.177,32.594    c-50.073-26.729-80.917-57.563-107.281-107.26l31.635-42.052c8.219-8.208,11.167-20.198,7.635-31.448    c-7.26-21.99-10.948-45.063-10.948-68.583C132.146,13.823,118.323,0,101.333,0H30.813C13.823,0,0,13.823,0,30.813    C0,225.563,158.438,384,353.188,384c16.99,0,30.813-13.823,30.813-30.813v-70.323C384,265.875,370.177,252.052,353.188,252.052z\"><\/path>\n<\/g>\n<\/g><\/svg><\/span>\n                      <h6 class=\"u-text u-text-4\">Telefonnummer<\/h6>\n                      <p class=\"u-text u-text-5\">\n                        <a class=\"u-btn u-button-link u-button-style u-text-hover-custom-color-3 u-text-palette-1-base u-btn-2\" href=\"tel:068216344788\">+49 (0) 6821 6344788<\/a>\n                      <\/p>\n                    <\/div>\n                  <\/div>\n                  <div class=\"u-container-style u-layout-cell u-right-cell u-size-20 u-layout-cell-3\">\n                    <div class=\"u-container-layout u-valign-top u-container-layout-3\"><span class=\"u-icon u-icon-rectangle u-text-custom-color-4 u-icon-3\"><svg class=\"u-svg-link\" preserveAspectRatio=\"xMidYMin slice\" viewBox=\"0 0 512 512\" style=\"\"><use xlink:href=\"#svg-1cbe\"><\/use><\/svg><svg class=\"u-svg-content\" viewBox=\"0 0 512 512\" x=\"0px\" y=\"0px\" id=\"svg-1cbe\" style=\"enable-background:new 0 0 512 512;\"><g><g><path d=\"M467,61H45c-6.927,0-13.412,1.703-19.279,4.51L255,294.789l51.389-49.387c0,0,0.004-0.005,0.005-0.007    c0.001-0.002,0.005-0.004,0.005-0.004L486.286,65.514C480.418,62.705,473.929,61,467,61z\"><\/path>\n<\/g>\n<\/g><g><g><path d=\"M507.496,86.728L338.213,256.002L507.49,425.279c2.807-5.867,4.51-12.352,4.51-19.279V106    C512,99.077,510.301,92.593,507.496,86.728z\"><\/path>\n<\/g>\n<\/g><g><g><path d=\"M4.51,86.721C1.703,92.588,0,99.073,0,106v300c0,6.923,1.701,13.409,4.506,19.274L173.789,256L4.51,86.721z\"><\/path>\n<\/g>\n<\/g><g><g><path d=\"M317.002,277.213l-51.396,49.393c-2.93,2.93-6.768,4.395-10.605,4.395s-7.676-1.465-10.605-4.395L195,277.211    L25.714,446.486C31.582,449.295,38.071,451,45,451h422c6.927,0,13.412-1.703,19.279-4.51L317.002,277.213z\"><\/path>\n<\/g>\n<\/g><\/svg><\/span>\n                      <h6 class=\"u-align-center u-text u-text-6\">Mail<\/h6>\n                      <p class=\"u-align-center u-text u-text-7\">\n                        <a class=\"u-btn u-button-link u-button-style u-text-hover-custom-color-3 u-text-palette-1-base u-btn-3\" href=\"mailto:info@grundstueckspflege-theil.de?subject=info@grundstueckspflege-theil.de\"> info@grundstueckspflege-theil.de<\/a>\n                      <\/p>\n                    <\/div>\n                  <\/div>\n                <\/div>\n              <\/div>\n              <div class=\"u-size-30\" style=\"\">\n                <div class=\"u-layout-row\" style=\"\">\n                  <div class=\"u-size-30\">\n                    <div class=\"u-layout-col\">\n                      <div class=\"u-container-style u-layout-cell u-left-cell u-size-60 u-layout-cell-4\">\n                        <div class=\"u-container-layout u-container-layout-4\">\n                          <h3 class=\"u-text u-text-default u-text-8\">Ihr Grundst\u00fcck. unsere Aufgabe<\/h3>\n                          <h6 class=\"u-text u-text-9\">Hinterlassen Sie uns gerne eine Nachricht \u00fcber das folgende Kontaktformular. Wir werden uns schnellstm\u00f6glich mit Ihnen in Verbindung setzen. <\/h6>\n                          <div class=\"u-expanded-width u-form u-form-1\">\n                            <form action=\"https:\/\/forms.nicepagesrv.com\/v2\/form\/process\" class=\"u-clearfix u-form-spacing-10 u-form-vertical u-inner-form\" source=\"email\" name=\"form\" style=\"padding: 10px;\">\n                              <div class=\"u-form-group u-form-name u-form-partition-factor-2 u-form-group-1\">\n                                <label for=\"name-7380\" class=\"u-label\">Vorname<\/label>\n                                <input type=\"text\" placeholder=\"Ihr Vorname\" id=\"name-7380\" name=\"name\" class=\"u-input u-input-rectangle\" required=\"\">\n                              <\/div>\n                              <div class=\"u-form-group u-form-name u-form-partition-factor-2 u-form-group-2\">\n                                <label for=\"name-7380\" class=\"u-label\">Nachname<\/label>\n                                <input type=\"text\" placeholder=\"Ihr Nachname\" id=\"name-7380\" name=\"name-1\" class=\"u-input u-input-rectangle\" required=\"\">\n                              <\/div>\n                              <div class=\"u-form-group u-form-phone u-form-group-3\">\n                                <label for=\"phone-a2ae\" class=\"u-label\">Telefon<\/label>\n                                <input type=\"tel\" pattern=\"\\+?\\d{0,3}[\\s\\(\\-]?([0-9]{2,3})[\\s\\)\\-]?([\\s\\-]?)([0-9]{3})[\\s\\-]?([0-9]{2})[\\s\\-]?([0-9]{2})\" placeholder=\"Ihre Telefonnummer \" id=\"phone-a2ae\" name=\"phone\" class=\"u-input u-input-rectangle\" required=\"\">\n                              <\/div>\n                              <div class=\"u-form-email u-form-group\">\n                                <label for=\"email-6588\" class=\"u-label\">E-Mail<\/label>\n                                <input type=\"email\" placeholder=\"Ihre E-Mail-Adresse \" id=\"email-6588\" name=\"email\" class=\"u-input u-input-rectangle\" required=\"\">\n                              <\/div>\n                              <div class=\"u-form-group u-form-message\">\n                                <label for=\"message-6588\" class=\"u-label\">Nachricht<\/label>\n                                <textarea placeholder=\"Ihre Nachricht\" rows=\"4\" cols=\"50\" id=\"message-6588\" name=\"message\" class=\"u-input u-input-rectangle\" required=\"\"><\/textarea>\n                              <\/div>\n                              <div class=\"u-form-agree u-form-group u-form-group-6\">\n                                <label class=\"u-block-f283-79 u-field-label\" style=\"\"><\/label>\n                                <input type=\"checkbox\" id=\"agree-0101\" name=\"agree-1\" class=\"u-agree-checkbox u-field-input\" required=\"\">\n                                <label for=\"agree-0101\" class=\"u-field-label\">Bitte best\u00e4tigen Sie die Kenntnisnahme unserer&nbsp;<a class=\"u-btn u-button-link u-button-style u-text-custom-color-3 u-btn-4\" href=\"https:\/\/theil.bw-media.saarland\/?page_id=2\">Datenschutzerkl\u00e4rung<\/a>.\n                                <\/label>\n                              <\/div>\n                              <div class=\"u-align-left u-form-group u-form-submit\">\n                                <a href=\"#\" class=\"u-border-none u-btn u-btn-submit u-button-style u-custom-color-3 u-hover-custom-color-4 u-btn-5\">Senden<\/a>\n                                <input type=\"submit\" value=\"submit\" class=\"u-form-control-hidden\">\n                              <\/div>\n                              <div class=\"u-form-send-message u-form-send-success\">Vielen Dank! Ihre Nachricht wurde gesendet.<\/div>\n                              <div class=\"u-form-send-error u-form-send-message\">Ihre Nachricht konnte nicht gesendet werden. Bitte \u00fcberpr\u00fcfen Sie Ihre Angaben und versuchen Sie es erneut.<\/div>\n                              <input type=\"hidden\" value=\"\" name=\"recaptchaResponse\">\n                              <input type=\"hidden\" name=\"formServices\" value=\"b8328311-a3ff-4040-b613-6442e1e2aca7\">\n                            <\/form>\n                          <\/div>\n                        <\/div>\n                      <\/div>\n                    <\/div>\n                  <\/div>\n                  <div class=\"u-size-30\" style=\"\">\n                    <div class=\"u-layout-col\" style=\"\">\n                      <div class=\"u-container-style u-layout-cell u-right-cell u-size-60 u-layout-cell-5\">\n                        <div class=\"u-container-layout u-valign-middle u-container-layout-5\">\n                          <div class=\"u-expanded-width u-grey-light-2 u-map u-map-1\">\n                            <div class=\"embed-responsive\">\n                              <iframe class=\"embed-responsive-item\" src=\"https:\/\/maps.google.com\/maps?output=embed&amp;q=Grundst%C3%BCckspflege%20Theil&amp;z=14&amp;t=m\" data-map=\"JTdCJTIyYWRkcmVzcyUyMiUzQSUyMkdydW5kc3QlQzMlQkNja3NwZmxlZ2UlMjBUaGVpbCUyMiUyQyUyMnpvb20lMjIlM0ExNCUyQyUyMnR5cGVJZCUyMiUzQSUyMnJvYWQlMjIlMkMlMjJsYW5nJTIyJTNBJTIyJTIyJTdE\"><\/iframe>\n                            <\/div>\n                          <\/div>\n                        <\/div>\n                      <\/div>\n                    <\/div>\n                  <\/div>\n                <\/div>\n              <\/div>\n            <\/div>\n          <\/div>\n        <\/div>\n      <\/div>\n    <\/section>\n    \n    \n    \n  \n<\/div>","protected":false},"excerpt":{"rendered":"<p>Impressum Angaben gem\u00e4\u00df \u00a7 5 TMG Armin NeuGrundst\u00fcckspflege TheilHohlstrasse 3366538 Neunkirchen Kontakt Telefon: 06894 9661300 E-Mail: info@grundstueckspflege-theil.de EU-Streitschlichtung Die Europ\u00e4ische Kommission stellt eine Plattform zur Online-Streitbeilegung (OS) bereit:&nbsp;https:\/\/ec.europa.eu\/consumers\/odr.Unsere E-Mail-Adresse finden Sie oben im Impressum. Verbraucher\u00adstreit\u00adbeilegung\/Universal\u00adschlichtungs\u00adstelle Wir sind nicht bereit oder verpflichtet, an Streitbeilegungsverfahren vor einer Verbraucherschlichtungsstelle teilzunehmen. Haftung f\u00fcr Inhalte Als Diensteanbieter sind wir gem\u00e4\u00df [&hellip;]<\/p>\n","protected":false},"author":1,"featured_media":0,"parent":0,"menu_order":0,"comment_status":"closed","ping_status":"open","template":"","meta":{"footnotes":""},"class_list":["post-3","page","type-page","status-publish","hentry"],"_links":{"self":[{"href":"https:\/\/theil.bw-media.saarland\/index.php?rest_route=\/wp\/v2\/pages\/3","targetHints":{"allow":["GET"]}}],"collection":[{"href":"https:\/\/theil.bw-media.saarland\/index.php?rest_route=\/wp\/v2\/pages"}],"about":[{"href":"https:\/\/theil.bw-media.saarland\/index.php?rest_route=\/wp\/v2\/types\/page"}],"author":[{"embeddable":true,"href":"https:\/\/theil.bw-media.saarland\/index.php?rest_route=\/wp\/v2\/users\/1"}],"replies":[{"embeddable":true,"href":"https:\/\/theil.bw-media.saarland\/index.php?rest_route=%2Fwp%2Fv2%2Fcomments&post=3"}],"version-history":[{"count":6,"href":"https:\/\/theil.bw-media.saarland\/index.php?rest_route=\/wp\/v2\/pages\/3\/revisions"}],"predecessor-version":[{"id":98,"href":"https:\/\/theil.bw-media.saarland\/index.php?rest_route=\/wp\/v2\/pages\/3\/revisions\/98"}],"wp:attachment":[{"href":"https:\/\/theil.bw-media.saarland\/index.php?rest_route=%2Fwp%2Fv2%2Fmedia&parent=3"}],"curies":[{"name":"wp","href":"https:\/\/api.w.org\/{rel}","templated":true}]}}